{"id":169,"date":"2021-08-04T17:03:30","date_gmt":"2021-08-04T17:03:30","guid":{"rendered":"https:\/\/www.byjoseraffo.com\/?page_id=169"},"modified":"2023-10-23T19:15:32","modified_gmt":"2023-10-23T17:15:32","slug":"contacto","status":"publish","type":"page","link":"https:\/\/www.byjoseraffo.com\/index.php\/contacto\/","title":{"rendered":"Contacto"},"content":{"rendered":"<p>[et_pb_section fb_built=\u00bb1&#8243; admin_label=\u00bbFooter\u00bb _builder_version=\u00bb4.16&#8243; top_divider_style=\u00bbarrow3&#8243; top_divider_color=\u00bbrgba(244,242,239,0.64)\u00bb top_divider_height=\u00bb70%\u00bb top_divider_repeat=\u00bb4x\u00bb saved_tabs=\u00bball\u00bb locked=\u00bboff\u00bb global_colors_info=\u00bb{}\u00bb][et_pb_row admin_label=\u00bbRow\u00bb _builder_version=\u00bb4.16&#8243; locked=\u00bboff\u00bb global_colors_info=\u00bb{}\u00bb][et_pb_column type=\u00bb4_4&#8243; _builder_version=\u00bb4.16&#8243; custom_padding=\u00bb|||\u00bb global_colors_info=\u00bb{}\u00bb custom_padding__hover=\u00bb|||\u00bb][et_pb_image src=\u00bbhttps:\/\/www.byjoseraffo.com\/wp-content\/uploads\/2021\/08\/telefono-icono.png\u00bb title_text=\u00bbtelefono-icono\u00bb align=\u00bbcenter\u00bb _builder_version=\u00bb4.16&#8243; width=\u00bb7%\u00bb width_tablet=\u00bb\u00bb width_phone=\u00bb13%\u00bb width_last_edited=\u00bbon|phone\u00bb locked=\u00bboff\u00bb global_colors_info=\u00bb{}\u00bb][\/et_pb_image][et_pb_text admin_label=\u00bbText\u00bb _builder_version=\u00bb4.22.2&#8243; text_font=\u00bb||||||||\u00bb header_font=\u00bb||||||||\u00bb header_4_font=\u00bbPoppins|600||on|||||\u00bb header_4_text_color=\u00bb#0C71C3&#8243; header_4_font_size=\u00bb16px\u00bb header_4_letter_spacing=\u00bb5px\u00bb header_4_line_height=\u00bb1.4em\u00bb transform_scale=\u00bb138%|138%\u00bb text_orientation=\u00bbcenter\u00bb module_alignment=\u00bbcenter\u00bb custom_margin=\u00bb||0px|\u00bb animation_style=\u00bbslide\u00bb animation_direction=\u00bbtop\u00bb animation_intensity_slide=\u00bb10%\u00bb animation_starting_opacity=\u00bb100%\u00bb hover_enabled=\u00bb0&#8243; header_4_font_size_tablet=\u00bb15px\u00bb header_4_font_size_phone=\u00bb14px\u00bb header_4_font_size_last_edited=\u00bbon|phone\u00bb header_4_text_shadow_style=\u00bbpreset2&#8243; global_colors_info=\u00bb{}\u00bb sticky_enabled=\u00bb0&#8243;]<\/p>\n<h4>Contacto<\/h4>\n<p>[\/et_pb_text][et_pb_divider color=\u00bb#0C71C3&#8243; divider_style=\u00bbridge\u00bb divider_position=\u00bbcenter\u00bb divider_weight=\u00bb3px\u00bb _builder_version=\u00bb4.22.2&#8243; transform_scale=\u00bb168%|168%\u00bb max_width=\u00bb30px\u00bb module_alignment=\u00bbcenter\u00bb custom_margin=\u00bb||10px|\u00bb animation_style=\u00bbslide\u00bb animation_direction=\u00bbtop\u00bb animation_intensity_slide=\u00bb10%\u00bb animation_starting_opacity=\u00bb100%\u00bb hover_enabled=\u00bb0&#8243; global_colors_info=\u00bb{}\u00bb sticky_enabled=\u00bb0&#8243;][\/et_pb_divider][et_pb_text admin_label=\u00bbText\u00bb _builder_version=\u00bb4.16&#8243; text_font=\u00bb||||||||\u00bb text_font_size=\u00bb13px\u00bb header_font=\u00bb||||||||\u00bb header_2_font=\u00bbContrail One|500|||||||\u00bb header_2_text_align=\u00bbcenter\u00bb header_2_font_size=\u00bb21px\u00bb header_2_line_height=\u00bb1.4em\u00bb text_orientation=\u00bbcenter\u00bb width_tablet=\u00bb\u00bb width_phone=\u00bb\u00bb width_last_edited=\u00bbon|desktop\u00bb custom_margin=\u00bb|||\u00bb animation_style=\u00bbfold\u00bb animation_direction=\u00bbbottom\u00bb animation_intensity_fold=\u00bb10%\u00bb animation_starting_opacity=\u00bb100%\u00bb header_2_font_size_tablet=\u00bb28px\u00bb header_2_font_size_phone=\u00bb19px\u00bb header_2_font_size_last_edited=\u00bbon|phone\u00bb global_colors_info=\u00bb{}\u00bb header_2_2_font_size_tablet=\u00bb28px\u00bb header_3_2_font_size_tablet=\u00bb28px\u00bb header_4_2_font_size_tablet=\u00bb28px\u00bb header_5_2_font_size_tablet=\u00bb28px\u00bb header_6_2_font_size_tablet=\u00bb28px\u00bb header_2_2_font_size_phone=\u00bb22px\u00bb header_3_2_font_size_phone=\u00bb22px\u00bb header_4_2_font_size_phone=\u00bb22px\u00bb header_5_2_font_size_phone=\u00bb22px\u00bb header_6_2_font_size_phone=\u00bb22px\u00bb header_2_2_font_size_last_edited=\u00bbon|phone\u00bb header_3_2_font_size_last_edited=\u00bbon|phone\u00bb header_4_2_font_size_last_edited=\u00bbon|phone\u00bb header_5_2_font_size_last_edited=\u00bbon|phone\u00bb header_6_2_font_size_last_edited=\u00bbon|phone\u00bb]<\/p>\n<h2>No dudes en ponerte en contacto con nosotros mediante la siguiente informaci\u00f3n de contacto, utiliza nuestro formularios de contacto para enviarnos un mensaje<\/h2>\n<p>&nbsp;[\/et_pb_text][\/et_pb_column][\/et_pb_row][et_pb_row admin_label=\u00bbRow\u00bb _builder_version=\u00bb4.16&#8243; global_colors_info=\u00bb{}\u00bb][et_pb_column type=\u00bb4_4&#8243; _builder_version=\u00bb4.16&#8243; custom_padding=\u00bb|||\u00bb global_colors_info=\u00bb{}\u00bb custom_padding__hover=\u00bb|||\u00bb][et_pb_contact_form use_spam_service=\u00bbon\u00bb recaptcha_list=\u00bbadd_new_account\u00bb email=\u00bbContacto@byjoseraffo.com\u00bb success_message=\u00bbMuchas gracias por tu mensaje o pregunta, le responderemos a la mayor brevedad posible\u00bb submit_button_text=\u00bbEnviar\u00bb module_id=\u00bbet_pb_contact_form_0&#8243; _builder_version=\u00bb4.22.2&#8243; _unique_id=\u00bb4b1234db-db07-452d-a6da-bac5637f3089&#8243; form_field_background_color=\u00bbrgba(0,0,0,0)\u00bb form_field_font=\u00bbPoppins||||||||\u00bb form_field_font_size=\u00bb16px\u00bb custom_button=\u00bbon\u00bb button_text_size=\u00bb14px\u00bb button_text_color=\u00bb#FFFFFF\u00bb button_bg_color=\u00bb#0C71C3&#8243; button_border_width=\u00bb0px\u00bb button_border_color=\u00bbRGBA(0,0,0,0)\u00bb button_border_radius=\u00bb0px\u00bb button_letter_spacing=\u00bb2px\u00bb button_font=\u00bbPoppins|600||on|||||\u00bb button_icon=\u00bb&#x24;||divi||400&#8243; button_icon_color=\u00bbRGBA(0,0,0,0)\u00bb button_custom_padding=\u00bb16px|32px|16px|32px|true|true\u00bb max_width=\u00bb900px\u00bb module_alignment=\u00bbcenter\u00bb animation_style=\u00bbzoom\u00bb hover_enabled=\u00bb0&#8243; border_width_all=\u00bb1px\u00bb border_color_all=\u00bb#ffff00&#8243; border_style_all=\u00bbridge\u00bb box_shadow_style=\u00bbpreset1&#8243; form_background_color=\u00bb#ffffff\u00bb global_colors_info=\u00bb{}\u00bb button_bg_enable_color=\u00bbon\u00bb sticky_enabled=\u00bb0&#8243;][et_pb_contact_field field_id=\u00bbName\u00bb field_title=\u00bbNombre\u00bb _builder_version=\u00bb4.22.2&#8243; hover_enabled=\u00bb0&#8243; global_colors_info=\u00bb{}\u00bb button_text_size__hover_enabled=\u00bboff\u00bb button_one_text_size__hover_enabled=\u00bboff\u00bb button_two_text_size__hover_enabled=\u00bboff\u00bb button_text_color__hover_enabled=\u00bboff\u00bb button_one_text_color__hover_enabled=\u00bboff\u00bb button_two_text_color__hover_enabled=\u00bboff\u00bb button_border_width__hover_enabled=\u00bboff\u00bb button_one_border_width__hover_enabled=\u00bboff\u00bb button_two_border_width__hover_enabled=\u00bboff\u00bb button_border_color__hover_enabled=\u00bboff\u00bb button_one_border_color__hover_enabled=\u00bboff\u00bb button_two_border_color__hover_enabled=\u00bboff\u00bb button_border_radius__hover_enabled=\u00bboff\u00bb button_one_border_radius__hover_enabled=\u00bboff\u00bb button_two_border_radius__hover_enabled=\u00bboff\u00bb button_letter_spacing__hover_enabled=\u00bboff\u00bb button_one_letter_spacing__hover_enabled=\u00bboff\u00bb button_two_letter_spacing__hover_enabled=\u00bboff\u00bb button_bg_color__hover_enabled=\u00bboff\u00bb button_one_bg_color__hover_enabled=\u00bboff\u00bb button_two_bg_color__hover_enabled=\u00bboff\u00bb border_color_all=\u00bb#0C71C3&#8243; sticky_enabled=\u00bb0&#8243;][\/et_pb_contact_field][et_pb_contact_field field_id=\u00bbEmail\u00bb field_title=\u00bbCorreo electr\u00f3nico\u00bb field_type=\u00bbemail\u00bb _builder_version=\u00bb4.22.2&#8243; hover_enabled=\u00bb0&#8243; global_colors_info=\u00bb{}\u00bb button_text_size__hover_enabled=\u00bboff\u00bb button_one_text_size__hover_enabled=\u00bboff\u00bb button_two_text_size__hover_enabled=\u00bboff\u00bb button_text_color__hover_enabled=\u00bboff\u00bb button_one_text_color__hover_enabled=\u00bboff\u00bb button_two_text_color__hover_enabled=\u00bboff\u00bb button_border_width__hover_enabled=\u00bboff\u00bb button_one_border_width__hover_enabled=\u00bboff\u00bb button_two_border_width__hover_enabled=\u00bboff\u00bb button_border_color__hover_enabled=\u00bboff\u00bb button_one_border_color__hover_enabled=\u00bboff\u00bb button_two_border_color__hover_enabled=\u00bboff\u00bb button_border_radius__hover_enabled=\u00bboff\u00bb button_one_border_radius__hover_enabled=\u00bboff\u00bb button_two_border_radius__hover_enabled=\u00bboff\u00bb button_letter_spacing__hover_enabled=\u00bboff\u00bb button_one_letter_spacing__hover_enabled=\u00bboff\u00bb button_two_letter_spacing__hover_enabled=\u00bboff\u00bb button_bg_color__hover_enabled=\u00bboff\u00bb button_one_bg_color__hover_enabled=\u00bboff\u00bb button_two_bg_color__hover_enabled=\u00bboff\u00bb border_color_all=\u00bb#0C71C3&#8243; sticky_enabled=\u00bb0&#8243;][\/et_pb_contact_field][et_pb_contact_field field_id=\u00bbMessage\u00bb field_title=\u00bbD\u00e9janos tu mensaje\u00bb field_type=\u00bbtext\u00bb fullwidth_field=\u00bbon\u00bb _builder_version=\u00bb4.22.2&#8243; hover_enabled=\u00bb0&#8243; global_colors_info=\u00bb{}\u00bb button_text_size__hover_enabled=\u00bboff\u00bb button_one_text_size__hover_enabled=\u00bboff\u00bb button_two_text_size__hover_enabled=\u00bboff\u00bb button_text_color__hover_enabled=\u00bboff\u00bb button_one_text_color__hover_enabled=\u00bboff\u00bb button_two_text_color__hover_enabled=\u00bboff\u00bb button_border_width__hover_enabled=\u00bboff\u00bb button_one_border_width__hover_enabled=\u00bboff\u00bb button_two_border_width__hover_enabled=\u00bboff\u00bb button_border_color__hover_enabled=\u00bboff\u00bb button_one_border_color__hover_enabled=\u00bboff\u00bb button_two_border_color__hover_enabled=\u00bboff\u00bb button_border_radius__hover_enabled=\u00bboff\u00bb button_one_border_radius__hover_enabled=\u00bboff\u00bb button_two_border_radius__hover_enabled=\u00bboff\u00bb button_letter_spacing__hover_enabled=\u00bboff\u00bb button_one_letter_spacing__hover_enabled=\u00bboff\u00bb button_two_letter_spacing__hover_enabled=\u00bboff\u00bb button_bg_color__hover_enabled=\u00bboff\u00bb button_one_bg_color__hover_enabled=\u00bboff\u00bb button_two_bg_color__hover_enabled=\u00bboff\u00bb border_color_all=\u00bb#0C71C3&#8243; sticky_enabled=\u00bb0&#8243;][\/et_pb_contact_field][\/et_pb_contact_form][et_pb_text _builder_version=\u00bb4.16&#8243; _module_preset=\u00bbdefault\u00bb header_2_font=\u00bbContrail One||||||||\u00bb global_colors_info=\u00bb{}\u00bb]<\/p>\n<h2 style=\"text-align: center;\">O Cont\u00e1ctanos a trav\u00e9s de <span style=\"color: #339966;\"><a href=\"https:\/\/api.whatsapp.com\/send?phone=34677147271&amp;text=\" style=\"color: #339966;\">whatsApp<\/a><\/span><\/h2>\n<p>[\/et_pb_text][\/et_pb_column][\/et_pb_row][et_pb_row _builder_version=\u00bb4.22.2&#8243; _module_preset=\u00bbdefault\u00bb custom_margin=\u00bb31px|auto||auto||\u00bb hover_enabled=\u00bb0&#8243; global_colors_info=\u00bb{}\u00bb sticky_enabled=\u00bb0&#8243;][et_pb_column type=\u00bb4_4&#8243; _builder_version=\u00bb4.16&#8243; _module_preset=\u00bbdefault\u00bb global_colors_info=\u00bb{}\u00bb][et_pb_code _builder_version=\u00bb4.22.2&#8243; _module_preset=\u00bbdefault\u00bb hover_enabled=\u00bb0&#8243; global_colors_info=\u00bb{}\u00bb sticky_enabled=\u00bb0&#8243;]<iframe src=\"https:\/\/www.google.com\/maps\/embed?pb=!1m14!1m12!1m3!1d198.4630124682939!2d-6.9493518269779315!3d37.261746318977835!2m3!1f0!2f0!3f0!3m2!1i1024!2i768!4f13.1!5e0!3m2!1ses!2ses!4v1698080818605!5m2!1ses!2ses\" width=\"10000\" height=\"450\" style=\"border:0;\" allowfullscreen=\"\" loading=\"lazy\" referrerpolicy=\"no-referrer-when-downgrade\"><\/iframe>[\/et_pb_code][et_pb_text admin_label=\u00bbTitle\u00bb _builder_version=\u00bb4.22.2&#8243; header_font=\u00bb||||||||\u00bb header_3_font=\u00bbContrail One||||||||\u00bb header_3_font_size=\u00bb24px\u00bb text_orientation=\u00bbcenter\u00bb custom_margin=\u00bb||15px|\u00bb custom_padding=\u00bb|||\u00bb animation_style=\u00bbslide\u00bb animation_direction=\u00bbtop\u00bb animation_intensity_slide=\u00bb10%\u00bb animation_starting_opacity=\u00bb100%\u00bb hover_enabled=\u00bb0&#8243; header_3_font_size_tablet=\u00bb20px\u00bb header_3_font_size_phone=\u00bb18px\u00bb header_3_font_size_last_edited=\u00bbon|phone\u00bb global_colors_info=\u00bb{}\u00bb header_2_3_font_size_tablet=\u00bb20px\u00bb header_3_3_font_size_tablet=\u00bb20px\u00bb header_4_3_font_size_tablet=\u00bb20px\u00bb header_5_3_font_size_tablet=\u00bb20px\u00bb header_6_3_font_size_tablet=\u00bb20px\u00bb header_2_3_font_size_phone=\u00bb18px\u00bb header_3_3_font_size_phone=\u00bb18px\u00bb header_4_3_font_size_phone=\u00bb18px\u00bb header_5_3_font_size_phone=\u00bb18px\u00bb header_6_3_font_size_phone=\u00bb18px\u00bb header_2_3_font_size_last_edited=\u00bbon|phone\u00bb header_3_3_font_size_last_edited=\u00bbon|phone\u00bb header_4_3_font_size_last_edited=\u00bbon|phone\u00bb header_5_3_font_size_last_edited=\u00bbon|phone\u00bb header_6_3_font_size_last_edited=\u00bbon|phone\u00bb sticky_enabled=\u00bb0&#8243;]<\/p>\n<h3><span>Plaza Ivonne Cazenave n\u00ba3 local 1<\/span><\/h3>\n<p>[\/et_pb_text][et_pb_image src=\u00bbhttps:\/\/www.byjoseraffo.com\/wp-content\/uploads\/2023\/10\/IMG-3013-scaled.jpg\u00bb _builder_version=\u00bb4.22.2&#8243; _module_preset=\u00bbdefault\u00bb title_text=\u00bbRaffo Sal\u00f3n de peluquer\u00eda masculina\u00bb hover_enabled=\u00bb0&#8243; sticky_enabled=\u00bb0&#8243;][\/et_pb_image][\/et_pb_column][\/et_pb_row][\/et_pb_section]<\/p>\n","protected":false},"excerpt":{"rendered":"<p>ContactoNo dudes en ponerte en contacto con nosotros mediante la siguiente informaci\u00f3n de contacto, utiliza nuestro formularios de contacto para enviarnos un mensaje &nbsp;O Cont\u00e1ctanos a trav\u00e9s de whatsAppPlaza Ivonne Cazenave n\u00ba3 local 1<\/p>\n","protected":false},"author":1,"featured_media":0,"parent":0,"menu_order":0,"comment_status":"closed","ping_status":"closed","template":"","meta":{"_et_pb_use_builder":"on","_et_pb_old_content":"","_et_gb_content_width":"","_joinchat":[],"footnotes":""},"class_list":["post-169","page","type-page","status-publish","hentry"],"yoast_head":"<!-- This site is optimized with the Yoast SEO plugin v26.0 - https:\/\/yoast.com\/wordpress\/plugins\/seo\/ -->\n<title>Cont\u00e1ctanos para Info o bien coja cita en la web Tu sal\u00f3n masculino<\/title>\n<meta name=\"description\" content=\"No dudes en ponerte en contacto con nosotros mediante la siguiente informaci\u00f3n de contacto, utiliza nuestro formularios de contacto\" \/>\n<meta name=\"robots\" content=\"index, follow, max-snippet:-1, max-image-preview:large, max-video-preview:-1\" \/>\n<link rel=\"canonical\" href=\"https:\/\/www.byjoseraffo.com\/index.php\/contacto\/\" \/>\n<meta property=\"og:locale\" content=\"es_ES\" \/>\n<meta property=\"og:type\" content=\"article\" \/>\n<meta property=\"og:title\" content=\"Cont\u00e1ctanos para Info o bien coja cita en la web Tu sal\u00f3n masculino\" \/>\n<meta property=\"og:description\" content=\"No dudes en ponerte en contacto con nosotros mediante la siguiente informaci\u00f3n de contacto, utiliza nuestro formularios de contacto\" \/>\n<meta property=\"og:url\" content=\"https:\/\/www.byjoseraffo.com\/index.php\/contacto\/\" \/>\n<meta property=\"og:site_name\" content=\"byjoseraffo\" \/>\n<meta property=\"article:modified_time\" content=\"2023-10-23T17:15:32+00:00\" \/>\n<meta name=\"twitter:card\" content=\"summary_large_image\" \/>\n<meta name=\"twitter:label1\" content=\"Tiempo de lectura\" \/>\n\t<meta name=\"twitter:data1\" content=\"2 minutos\" \/>\n<script type=\"application\/ld+json\" class=\"yoast-schema-graph\">{\"@context\":\"https:\/\/schema.org\",\"@graph\":[{\"@type\":\"WebPage\",\"@id\":\"https:\/\/www.byjoseraffo.com\/index.php\/contacto\/\",\"url\":\"https:\/\/www.byjoseraffo.com\/index.php\/contacto\/\",\"name\":\"Cont\u00e1ctanos para Info o bien coja cita en la web Tu sal\u00f3n masculino\",\"isPartOf\":{\"@id\":\"https:\/\/www.byjoseraffo.com\/#website\"},\"datePublished\":\"2021-08-04T17:03:30+00:00\",\"dateModified\":\"2023-10-23T17:15:32+00:00\",\"description\":\"No dudes en ponerte en contacto con nosotros mediante la siguiente informaci\u00f3n de contacto, utiliza nuestro formularios de contacto\",\"breadcrumb\":{\"@id\":\"https:\/\/www.byjoseraffo.com\/index.php\/contacto\/#breadcrumb\"},\"inLanguage\":\"es\",\"potentialAction\":[{\"@type\":\"ReadAction\",\"target\":[\"https:\/\/www.byjoseraffo.com\/index.php\/contacto\/\"]}]},{\"@type\":\"BreadcrumbList\",\"@id\":\"https:\/\/www.byjoseraffo.com\/index.php\/contacto\/#breadcrumb\",\"itemListElement\":[{\"@type\":\"ListItem\",\"position\":1,\"name\":\"Portada\",\"item\":\"https:\/\/www.byjoseraffo.com\/\"},{\"@type\":\"ListItem\",\"position\":2,\"name\":\"Contacto\"}]},{\"@type\":\"WebSite\",\"@id\":\"https:\/\/www.byjoseraffo.com\/#website\",\"url\":\"https:\/\/www.byjoseraffo.com\/\",\"name\":\"byjoseraffo\",\"description\":\"Peluquer&iacute;a masculina\",\"potentialAction\":[{\"@type\":\"SearchAction\",\"target\":{\"@type\":\"EntryPoint\",\"urlTemplate\":\"https:\/\/www.byjoseraffo.com\/?s={search_term_string}\"},\"query-input\":{\"@type\":\"PropertyValueSpecification\",\"valueRequired\":true,\"valueName\":\"search_term_string\"}}],\"inLanguage\":\"es\"}]}<\/script>\n<!-- \/ Yoast SEO plugin. -->","yoast_head_json":{"title":"Cont\u00e1ctanos para Info o bien coja cita en la web Tu sal\u00f3n masculino","description":"No dudes en ponerte en contacto con nosotros mediante la siguiente informaci\u00f3n de contacto, utiliza nuestro formularios de contacto","robots":{"index":"index","follow":"follow","max-snippet":"max-snippet:-1","max-image-preview":"max-image-preview:large","max-video-preview":"max-video-preview:-1"},"canonical":"https:\/\/www.byjoseraffo.com\/index.php\/contacto\/","og_locale":"es_ES","og_type":"article","og_title":"Cont\u00e1ctanos para Info o bien coja cita en la web Tu sal\u00f3n masculino","og_description":"No dudes en ponerte en contacto con nosotros mediante la siguiente informaci\u00f3n de contacto, utiliza nuestro formularios de contacto","og_url":"https:\/\/www.byjoseraffo.com\/index.php\/contacto\/","og_site_name":"byjoseraffo","article_modified_time":"2023-10-23T17:15:32+00:00","twitter_card":"summary_large_image","twitter_misc":{"Tiempo de lectura":"2 minutos"},"schema":{"@context":"https:\/\/schema.org","@graph":[{"@type":"WebPage","@id":"https:\/\/www.byjoseraffo.com\/index.php\/contacto\/","url":"https:\/\/www.byjoseraffo.com\/index.php\/contacto\/","name":"Cont\u00e1ctanos para Info o bien coja cita en la web Tu sal\u00f3n masculino","isPartOf":{"@id":"https:\/\/www.byjoseraffo.com\/#website"},"datePublished":"2021-08-04T17:03:30+00:00","dateModified":"2023-10-23T17:15:32+00:00","description":"No dudes en ponerte en contacto con nosotros mediante la siguiente informaci\u00f3n de contacto, utiliza nuestro formularios de contacto","breadcrumb":{"@id":"https:\/\/www.byjoseraffo.com\/index.php\/contacto\/#breadcrumb"},"inLanguage":"es","potentialAction":[{"@type":"ReadAction","target":["https:\/\/www.byjoseraffo.com\/index.php\/contacto\/"]}]},{"@type":"BreadcrumbList","@id":"https:\/\/www.byjoseraffo.com\/index.php\/contacto\/#breadcrumb","itemListElement":[{"@type":"ListItem","position":1,"name":"Portada","item":"https:\/\/www.byjoseraffo.com\/"},{"@type":"ListItem","position":2,"name":"Contacto"}]},{"@type":"WebSite","@id":"https:\/\/www.byjoseraffo.com\/#website","url":"https:\/\/www.byjoseraffo.com\/","name":"byjoseraffo","description":"Peluquer&iacute;a masculina","potentialAction":[{"@type":"SearchAction","target":{"@type":"EntryPoint","urlTemplate":"https:\/\/www.byjoseraffo.com\/?s={search_term_string}"},"query-input":{"@type":"PropertyValueSpecification","valueRequired":true,"valueName":"search_term_string"}}],"inLanguage":"es"}]}},"_links":{"self":[{"href":"https:\/\/www.byjoseraffo.com\/index.php\/wp-json\/wp\/v2\/pages\/169","targetHints":{"allow":["GET"]}}],"collection":[{"href":"https:\/\/www.byjoseraffo.com\/index.php\/wp-json\/wp\/v2\/pages"}],"about":[{"href":"https:\/\/www.byjoseraffo.com\/index.php\/wp-json\/wp\/v2\/types\/page"}],"author":[{"embeddable":true,"href":"https:\/\/www.byjoseraffo.com\/index.php\/wp-json\/wp\/v2\/users\/1"}],"replies":[{"embeddable":true,"href":"https:\/\/www.byjoseraffo.com\/index.php\/wp-json\/wp\/v2\/comments?post=169"}],"version-history":[{"count":17,"href":"https:\/\/www.byjoseraffo.com\/index.php\/wp-json\/wp\/v2\/pages\/169\/revisions"}],"predecessor-version":[{"id":556,"href":"https:\/\/www.byjoseraffo.com\/index.php\/wp-json\/wp\/v2\/pages\/169\/revisions\/556"}],"wp:attachment":[{"href":"https:\/\/www.byjoseraffo.com\/index.php\/wp-json\/wp\/v2\/media?parent=169"}],"curies":[{"name":"wp","href":"https:\/\/api.w.org\/{rel}","templated":true}]}}